{"id":4314,"date":"2021-08-03T12:14:35","date_gmt":"2021-08-03T09:14:35","guid":{"rendered":"https:\/\/academy.police.md\/?page_id=4314"},"modified":"2026-04-27T16:48:46","modified_gmt":"2026-04-27T13:48:46","slug":"deplasarile","status":"publish","type":"page","link":"https:\/\/www.academy.police.md\/gb\/cooperare\/deplasarile","title":{"rendered":"Depl\u0103s\u0103rile"},"content":{"rendered":"\n<p><a rel=\"noreferrer noopener\" href=\"\/wp-content\/uploads\/2026\/04\/Deplasarile-in-strainatate-ale-angajatilor-institutiei-in-trimestrul-I-al-anului-2026..pdf\" data-type=\"URL\" data-id=\"\/wp-content\/uploads\/2026\/04\/Deplasarile-in-strainatate-ale-angajatilor-institutiei-in-trimestrul-I-al-anului-2026..pdf\" target=\"_blank\">Deplas\u0103rile \u00een strain\u0103tate ale angaja\u0163ilor institu\u0163iei \u00een trimestrul I al anului 2026<\/a><br><a href=\"https:\/\/academy.police.md\/wp-content\/uploads\/2026\/01\/Deplasarile-in-strainatate-ale-angajatilor-institutiei-in-trimestrul-IV-al-anului-2025..pdf\">Deplas\u0103rile \u00een strain\u0103tate ale angaja\u0163ilor institu\u0163iei \u00een trimestrul IV al anului 2025.<\/a><br><a href=\"https:\/\/academy.police.md\/wp-content\/uploads\/2025\/10\/Deplasarile-in-strainatate-ale-angajatilor-institutiei-in-trimestrul-III-al-anului-2025..pdf\">Deplas\u0103rile \u00een strain\u0103tate ale angaja\u0163ilor institu\u0163iei \u00een trimestrul III al anului 2025.<\/a><br><a href=\"https:\/\/academy.police.md\/wp-content\/uploads\/2025\/07\/Tabel-deplasari-trimestrul-II-2025.pdf\">Deplas\u0103rile \u00een strain\u0103tate ale angaja\u0163ilor institu\u0163iei \u00een trimestrul II al anului 2025.<\/a><br><a href=\"https:\/\/academy.police.md\/wp-content\/uploads\/2025\/04\/Tabel-deplasari-trimestrul-I-2025.pdf\">Deplas\u0103rile \u00een strain\u0103tate ale angaja\u0163ilor institu\u0163iei \u00een trimestrul I al anului 2025.<\/a><br><a href=\"https:\/\/academy.police.md\/wp-content\/uploads\/2025\/03\/Deplasari-internationale-IV-trimestru-al-anului-2024.pdf\">Deplas\u0103rile \u00een strain\u0103tate ale angaja\u0163ilor institu\u0163iei \u00een trimestrul IV al anului 2024.<\/a><br><a href=\"https:\/\/academy.police.md\/wp-content\/uploads\/2024\/12\/Deplasari-internationale-III-trimestru-al-anului-2024.pdf\">Deplas\u0103rile \u00een strain\u0103tate ale angaja\u0163ilor institu\u0163iei \u00een trimestrul III al anului 2024.<\/a><br><a href=\"https:\/\/academy.police.md\/wp-content\/uploads\/2024\/09\/Deplasari-internationale-II-trimestru-al-anului-2024.pdf\">Deplas\u0103rile \u00een strain\u0103tate ale angaja\u0163ilor institu\u0163iei \u00een trimestrul II al anului 2024.<\/a><br><a href=\"https:\/\/academy.police.md\/wp-content\/uploads\/2024\/07\/Deplasari-internationale-I-trimestru-al-anului-2024.pdf\">Deplas\u0103rile \u00een strain\u0103tate ale angaja\u0163ilor institu\u0163iei \u00een trimestrul I al anului 2024.<\/a><br><a href=\"https:\/\/academy.police.md\/wp-content\/uploads\/2024\/02\/Tabel-deplasari-sem-IV-2023.pdf\">Deplas\u0103rile \u00een strain\u0103tate ale angaja\u0163ilor institu\u0163iei \u00een trimestrul IV al anului 2023.<\/a><br><a href=\"https:\/\/academy.police.md\/wp-content\/uploads\/2023\/11\/deplasari-semestrul-III.pdf\">Deplas\u0103rile \u00een strain\u0103tate ale angaja\u0163ilor institu\u0163iei \u00een trimestrul III al anului 2023.<\/a><br><a href=\"https:\/\/academy.police.md\/wp-content\/uploads\/2023\/08\/Deplasari-trimestrul-II-2023.pdf\">Deplas\u0103rile \u00een strain\u0103tate ale angaja\u0163ilor institu\u0163iei \u00een trimestrul II al anului 2023.<\/a><br><a href=\"https:\/\/academy.police.md\/wp-content\/uploads\/2023\/06\/deplasari-Academia-01.01.23-31.03.23.pdf\">Deplas\u0103rile \u00een strain\u0103tate ale angaja\u0163ilor institu\u0163iei \u00een trimestrul I al anului 2023.<\/a><br><a href=\"https:\/\/academy.police.md\/wp-content\/uploads\/2023\/01\/deplasari-4-2022.pdf\">Deplas\u0103rile \u00een strain\u0103tate ale angaja\u0163ilor institu\u0163iei \u00een trimestrul IV al anului 2022.<\/a><br><a href=\"https:\/\/academy.police.md\/wp-content\/uploads\/2023\/01\/deplasari-3-2022.pdf\">Deplas\u0103rile \u00een strain\u0103tate ale angaja\u0163ilor institu\u0163iei \u00een trimestrul III al anului 2022.<\/a><br><a href=\"https:\/\/academy.police.md\/wp-content\/uploads\/2022\/07\/deplasari2-2022.pdf\">Deplas\u0103rile \u00een strain\u0103tate ale angaja\u0163ilor institu\u0163iei \u00een trimestrul II al anului 2022.<\/a><br><a href=\"http:\/\/academy.police.md\/wp-content\/uploads\/2022\/04\/Deplasari-le-in-strainatate-I-trimestu-al-anului-2022.pdf\">Deplas\u0103rile \u00een strain\u0103tate ale angaja\u0163ilor institu\u0163iei \u00een trimestru I al anului 2022.<\/a><br><a href=\"http:\/\/academy.police.md\/assets\/files\/pdf\/deplasarile2021.pdf\">Deplas\u0103rile \u00een strain\u0103tate ale angaja\u0163ilor institu\u0163iei \u00een anul 2021.<\/a><br><a href=\"http:\/\/academy.police.md\/assets\/files\/pdf\/deplasarile2020.pdf\">Deplas\u0103rile \u00een strain\u0103tate ale angaja\u0163ilor institu\u0163iei \u00een anul 2020.<\/a><br><a href=\"http:\/\/academy.police.md\/assets\/files\/pdf\/deplas-2019.pdf\">Deplas\u0103rile \u00een strain\u0103tate ale angaja\u0163ilor institu\u0163iei \u00een anul 2019.<\/a><br><a href=\"http:\/\/academy.police.md\/assets\/files\/pdf\/deplasarile2018.pdf\">Deplas\u0103rile \u00een strain\u0103tate ale angaja\u0163ilor institu\u0163iei \u00een anul 2018.<\/a><br><a href=\"http:\/\/academy.police.md\/assets\/files\/pdf\/deplasarile-2017.pdf\">Deplas\u0103rile \u00een strain\u0103tate ale angaja\u0163ilor institu\u0163iei \u00een anul 2017.<\/a><br><a href=\"http:\/\/academy.police.md\/assets\/files\/pdf\/deplasari-2016.pdf\">Deplas\u0103rile \u00een strain\u0103tate ale angaja\u0163ilor institu\u0163iei \u00een anul 2016.<\/a><br><a href=\"http:\/\/academy.police.md\/assets\/files\/pdf\/deplasari-2015.pdf\">Deplas\u0103rile \u00een strain\u0103tate ale angaja\u0163ilor institu\u0163iei \u00een anul 2015.<\/a><\/p>\n","protected":false},"excerpt":{"rendered":"<p>Deplas\u0103rile \u00een strain\u0103tate ale angaja\u0163ilor institu\u0163iei \u00een trimestrul I al anului 2026Deplas\u0103rile \u00een strain\u0103tate ale angaja\u0163ilor institu\u0163iei \u00een trimestrul IV al anului 2025.Deplas\u0103rile \u00een strain\u0103tate ale angaja\u0163ilor institu\u0163iei \u00een trimestrul [&hellip;]<\/p>\n","protected":false},"author":10,"featured_media":0,"parent":3602,"menu_order":0,"comment_status":"closed","ping_status":"closed","template":"","meta":[],"translation":{"provider":"WPGlobus","version":"2.12.2","language":"gb","enabled_languages":["ro","gb"],"languages":{"ro":{"title":true,"content":true,"excerpt":false},"gb":{"title":false,"content":false,"excerpt":false}}},"acf":[],"_links":{"self":[{"href":"https:\/\/www.academy.police.md\/gb\/wp-json\/wp\/v2\/pages\/4314"}],"collection":[{"href":"https:\/\/www.academy.police.md\/gb\/wp-json\/wp\/v2\/pages"}],"about":[{"href":"https:\/\/www.academy.police.md\/gb\/wp-json\/wp\/v2\/types\/page"}],"author":[{"embeddable":true,"href":"https:\/\/www.academy.police.md\/gb\/wp-json\/wp\/v2\/users\/10"}],"replies":[{"embeddable":true,"href":"https:\/\/www.academy.police.md\/gb\/wp-json\/wp\/v2\/comments?post=4314"}],"version-history":[{"count":52,"href":"https:\/\/www.academy.police.md\/gb\/wp-json\/wp\/v2\/pages\/4314\/revisions"}],"predecessor-version":[{"id":32423,"href":"https:\/\/www.academy.police.md\/gb\/wp-json\/wp\/v2\/pages\/4314\/revisions\/32423"}],"up":[{"embeddable":true,"href":"https:\/\/www.academy.police.md\/gb\/wp-json\/wp\/v2\/pages\/3602"}],"wp:attachment":[{"href":"https:\/\/www.academy.police.md\/gb\/wp-json\/wp\/v2\/media?parent=4314"}],"curies":[{"name":"wp","href":"https:\/\/api.w.org\/{rel}","templated":true}]}}