{"id":5280,"date":"2021-12-14T15:26:30","date_gmt":"2021-12-14T12:26:30","guid":{"rendered":"https:\/\/academy.police.md\/?page_id=5280"},"modified":"2022-05-20T13:38:32","modified_gmt":"2022-05-20T10:38:32","slug":"teze-de-doctorat","status":"publish","type":"page","link":"https:\/\/www.academy.police.md\/gb\/scoala-doctorala\/sustinere-teze-de-doctorat\/teze-de-doctorat","title":{"rendered":"2022"},"content":{"rendered":"\n<p>Tema: \u201eR\u0103spunderea penal\u0103 pentru crearea sau conducerea unei organiza\u0163ii criminale\u201d<br>Autor: <strong>Cazacicov Andrei<\/strong>. <br>           <a href=\"\/wp-content\/uploads\/2022\/01\/AVIZ-privind-sustinerea-tezei-de-doctor-Cazacicov-A..pdf\" data-type=\"URL\" data-id=\"\/wp-content\/uploads\/2022\/01\/AVIZ-privind-sustinerea-tezei-de-doctor-Cazacicov-A..pdf\">Aviz sus\u0163inere public\u0103<\/a><br>           <a href=\"https:\/\/academy.police.md\/assets\/files\/teze-doctorat\/cazacicov-teza.pdf\">Teza de doctorat<\/a><br>           Rezumatul tezei: <a href=\"https:\/\/academy.police.md\/assets\/files\/teze-doctorat\/cazacicov-rez-ro.pdf\">RO<\/a> | <a href=\"https:\/\/academy.police.md\/assets\/files\/teze-doctorat\/cazacicov-rez-en.pdf\">EN<\/a><br>           Competen\u0163ele candidatului: <a href=\"https:\/\/academy.police.md\/assets\/files\/teze-doctorat\/cazacicov-cv.pdf\">CV<\/a> | <a href=\"https:\/\/academy.police.md\/assets\/files\/teze-doctorat\/cazacicov-lista-pub.pdf\">Lista de publica\u0163ii<\/a><br>           Comisia de doctorat: <a href=\"https:\/\/academy.police.md\/assets\/files\/teze-doctorat\/cazacicov-mc.pdf\">Membrii comisiei<\/a> | <a href=\"https:\/\/academy.police.md\/assets\/files\/teze-doctorat\/cazacicov-info-mc.pdf\">Informa\u0163ii privind membrii comisiei<\/a><\/p>\n\n\n\n<p>Tema: \u201eExpertiza judiciar\u0103 \u00een procesul penal\u201d<br>Autor: <strong>Pilat Artiom<\/strong>.<br>           <a href=\"https:\/\/academy.police.md\/assets\/files\/teze-doctorat\/pilat-aviz.pdf\">Aviz sus\u0163inere public\u0103<\/a><br>           <a href=\"https:\/\/academy.police.md\/assets\/files\/teze-doctorat\/pilat-teza.pdf\">Teza de doctorat<\/a><br>           Rezumatul tezei: <a href=\"https:\/\/academy.police.md\/assets\/files\/teze-doctorat\/pilat-rez-ro.pdf\">RO<\/a> | <a href=\"https:\/\/academy.police.md\/assets\/files\/teze-doctorat\/pilat-rez-en.pdf\">EN<\/a><br>           Competen\u0163ele candidatului: <a href=\"https:\/\/academy.police.md\/assets\/files\/teze-doctorat\/pilat-cv.pdf\">CV<\/a> | <a href=\"https:\/\/academy.police.md\/assets\/files\/teze-doctorat\/pilat-lista-pub.pdf\">Lista de publica\u0163ii<\/a><br>           Comisia de doctorat: <a href=\"https:\/\/academy.police.md\/assets\/files\/teze-doctorat\/pilat-mc.pdf\">Membrii comisiei<\/a> | <a href=\"https:\/\/academy.police.md\/assets\/files\/teze-doctorat\/pilat-info-mc.pdf\">Informa\u0163ii privind membrii comisiei<\/a><\/p>\n","protected":false},"excerpt":{"rendered":"<p>Tema: \u201eR\u0103spunderea penal\u0103 pentru crearea sau conducerea unei organiza\u0163ii criminale\u201dAutor: Cazacicov Andrei. Aviz sus\u0163inere public\u0103 Teza de doctorat Rezumatul tezei: RO | EN Competen\u0163ele candidatului: CV | Lista de publica\u0163ii [&hellip;]<\/p>\n","protected":false},"author":10,"featured_media":0,"parent":5276,"menu_order":0,"comment_status":"closed","ping_status":"closed","template":"","meta":[],"translation":{"provider":"WPGlobus","version":"2.12.2","language":"gb","enabled_languages":["ro","gb"],"languages":{"ro":{"title":true,"content":true,"excerpt":false},"gb":{"title":false,"content":false,"excerpt":false}}},"acf":[],"_links":{"self":[{"href":"https:\/\/www.academy.police.md\/gb\/wp-json\/wp\/v2\/pages\/5280"}],"collection":[{"href":"https:\/\/www.academy.police.md\/gb\/wp-json\/wp\/v2\/pages"}],"about":[{"href":"https:\/\/www.academy.police.md\/gb\/wp-json\/wp\/v2\/types\/page"}],"author":[{"embeddable":true,"href":"https:\/\/www.academy.police.md\/gb\/wp-json\/wp\/v2\/users\/10"}],"replies":[{"embeddable":true,"href":"https:\/\/www.academy.police.md\/gb\/wp-json\/wp\/v2\/comments?post=5280"}],"version-history":[{"count":13,"href":"https:\/\/www.academy.police.md\/gb\/wp-json\/wp\/v2\/pages\/5280\/revisions"}],"predecessor-version":[{"id":6446,"href":"https:\/\/www.academy.police.md\/gb\/wp-json\/wp\/v2\/pages\/5280\/revisions\/6446"}],"up":[{"embeddable":true,"href":"https:\/\/www.academy.police.md\/gb\/wp-json\/wp\/v2\/pages\/5276"}],"wp:attachment":[{"href":"https:\/\/www.academy.police.md\/gb\/wp-json\/wp\/v2\/media?parent=5280"}],"curies":[{"name":"wp","href":"https:\/\/api.w.org\/{rel}","templated":true}]}}