{"id":5979,"date":"2022-03-31T15:01:13","date_gmt":"2022-03-31T12:01:13","guid":{"rendered":"https:\/\/academy.police.md\/?page_id=5979"},"modified":"2023-03-27T14:56:15","modified_gmt":"2023-03-27T11:56:15","slug":"acte-de-studii","status":"publish","type":"page","link":"https:\/\/www.academy.police.md\/gb\/acte-de-studii","title":{"rendered":"Acte de studii"},"content":{"rendered":"\n<p>1 <a rel=\"noreferrer noopener\" href=\"https:\/\/www.academy.police.md\/wp-content\/uploads\/2022\/05\/Anuntz.pdf\" target=\"_blank\">Anun\u0163 \u00een aten\u0163ia absolven\u0163ilor Facult\u0103\u0163ii drept, administra\u021bie, ordine<\/a>&nbsp;\u0219i<a rel=\"noreferrer noopener\" href=\"https:\/\/www.academy.police.md\/wp-content\/uploads\/2022\/05\/Anuntz.pdf\" target=\"_blank\">&nbsp;securitate public\u0103, ciclul I licen\u021b\u0103 (forma de \u00eenv\u0103\u021b\u0103m\u00e2nt cu frecven\u021b\u0103), promo\u0163ia 2017-2022<\/a><\/p>\n\n\n\n<p><a href=\"https:\/\/www.academy.police.md\/wp-content\/uploads\/2022\/05\/Inform.pdf\">2 Informa\u021bia Privind serviciile prestate de c\u0103tre serviciul eviden\u021b\u0103 \u0219i acte de studii al Direc\u021biei studii \u0219i menagement al calit\u0103\u021bii \u0219i tarifelor acestora<\/a><\/p>\n\n\n\n<p>3 <a href=\"http:\/\/academy.police.md\/assets\/files\/anunt-acte-stud.jpg\"><a href=\"https:\/\/academy.police.md\/wp-content\/uploads\/2023\/02\/anunt-drept-mast-abs-23.pdf\">Anun\u0163 \u00een aten\u0163ia absolven\u0163ilor Facult\u0103\u0163ii drept, administra\u0163ie, ordine \u015fi securitate public\u0103, ciclul II masterat (1,5 ani\/90ECTS), promo\u0163ia 2021-2023<\/a><\/a><\/p>\n","protected":false},"excerpt":{"rendered":"<p>1 Anun\u0163 \u00een aten\u0163ia absolven\u0163ilor Facult\u0103\u0163ii drept, administra\u021bie, ordine&nbsp;\u0219i&nbsp;securitate public\u0103, ciclul I licen\u021b\u0103 (forma de \u00eenv\u0103\u021b\u0103m\u00e2nt cu frecven\u021b\u0103), promo\u0163ia 2017-2022 2 Informa\u021bia Privind serviciile prestate de c\u0103tre serviciul eviden\u021b\u0103 \u0219i [&hellip;]<\/p>\n","protected":false},"author":10,"featured_media":0,"parent":0,"menu_order":0,"comment_status":"closed","ping_status":"closed","template":"","meta":[],"translation":{"provider":"WPGlobus","version":"2.12.2","language":"gb","enabled_languages":["ro","gb"],"languages":{"ro":{"title":true,"content":true,"excerpt":false},"gb":{"title":false,"content":false,"excerpt":false}}},"acf":[],"_links":{"self":[{"href":"https:\/\/www.academy.police.md\/gb\/wp-json\/wp\/v2\/pages\/5979"}],"collection":[{"href":"https:\/\/www.academy.police.md\/gb\/wp-json\/wp\/v2\/pages"}],"about":[{"href":"https:\/\/www.academy.police.md\/gb\/wp-json\/wp\/v2\/types\/page"}],"author":[{"embeddable":true,"href":"https:\/\/www.academy.police.md\/gb\/wp-json\/wp\/v2\/users\/10"}],"replies":[{"embeddable":true,"href":"https:\/\/www.academy.police.md\/gb\/wp-json\/wp\/v2\/comments?post=5979"}],"version-history":[{"count":3,"href":"https:\/\/www.academy.police.md\/gb\/wp-json\/wp\/v2\/pages\/5979\/revisions"}],"predecessor-version":[{"id":10820,"href":"https:\/\/www.academy.police.md\/gb\/wp-json\/wp\/v2\/pages\/5979\/revisions\/10820"}],"wp:attachment":[{"href":"https:\/\/www.academy.police.md\/gb\/wp-json\/wp\/v2\/media?parent=5979"}],"curies":[{"name":"wp","href":"https:\/\/api.w.org\/{rel}","templated":true}]}}