{"id":7213,"date":"2022-07-08T09:55:36","date_gmt":"2022-07-08T06:55:36","guid":{"rendered":"https:\/\/www.academy.police.md\/?page_id=7213"},"modified":"2026-03-19T08:18:10","modified_gmt":"2026-03-19T06:18:10","slug":"oferta-educationala-cursuri-formare-profesionala","status":"publish","type":"page","link":"https:\/\/www.academy.police.md\/gb\/directia-dezvoltare-profesionala\/oferta-educationala-cursuri-formare-profesionala","title":{"rendered":"Oferta educationala cursuri formare profesional\u0103"},"content":{"rendered":"\n<p><strong>Calendarul activit\u0103\u021bilor de instruire<\/strong><\/p>\n\n\n\n<p><strong>&nbsp;a cursurilor de perfec\u021bionare\/specializare\/recalificare,<\/strong><\/p>\n\n\n\n<p><strong>&nbsp;anul de studii 2025 \u2013 2026<\/strong><\/p>\n\n\n\n<p><strong><em>(<\/em><\/strong><em>Ordinul MAI nr.<\/em><em> <\/em><em>351 din 19.06.<\/em><em>2025<\/em><em>)<\/em><strong><em><\/em><\/strong><\/p>\n\n\n\n<p><strong>Semestrul I Anul 2025-2026<\/strong><\/p>\n\n\n\n<figure class=\"wp-block-table\"><table><tbody><tr><td><strong>Nr.<\/strong> <strong>crt.<\/strong><\/td><td><strong>Denumirea cursului<\/strong><\/td><td><strong>Num\u0103r de ore<\/strong><\/td><td><strong>Perioada desf\u0103\u015fur\u0103rii<\/strong><\/td><td><strong>Planificat<\/strong><\/td><\/tr><tr><td>\u00a01.<\/td><td><strong>Ordine public\u0103 (I)<\/strong><\/td><td>40<\/td><td>08.09.2025-12.09.2025<\/td><td>30<\/td><\/tr><tr><td>\u00a02.<\/td><td><strong>Consolidarea capacit\u0103\u0163ilor ADN \u015fi aplicarea echipamentelor adecvate ADN<\/strong><strong><\/strong><\/td><td>40<\/td><td>15.09.2025-19.09.2025<\/td><td>12<\/td><\/tr><tr><td>\u00a03.<\/td><td><strong>Interven\u021bia profesional\u0103 (Tehnician) (I)<\/strong><strong><\/strong><\/td><td>80<\/td><td>06.10.2025-16.10.2025<\/td><td>30<\/td><\/tr><tr><td>\u00a04.<\/td><td><strong>Combaterea corup\u021biei \u0219i integritatea institu\u021bional\u0103<\/strong><strong><\/strong><\/td><td>24<\/td><td>06.10.2025-08.10.2025<\/td><td>25<\/td><\/tr><tr><td>\u00a05.<\/td><td><strong>Curs de recalificare \u00een domeniul: Activitatea special\u0103 de investiga\u021bii (I)<\/strong><strong><\/strong><\/td><td>80<\/td><td>06.10.2025-17.10.2025<\/td><td>Num\u0103r neprev\u0103zut de angaja\u021bi<\/td><\/tr><tr><td>\u00a06.<\/td><td><strong>Prevenirea \u0219i combaterea violen\u021bei \u00een familie (I)<\/strong><strong><\/strong><\/td><td>40<\/td><td>20.10.2025-24.10.2025<\/td><td>27<\/td><\/tr><tr><td>\u00a07.<\/td><td><strong>Activitatea de urm\u0103rire penal\u0103 (I)<\/strong><strong><\/strong><\/td><td>40<\/td><td>20.10.2025-24.10.2025<\/td><td>25<\/td><\/tr><tr><td>\u00a08.<\/td><td><strong>Comunicarea eficient\u0103 \u00een context profesional (I)<\/strong><strong><\/strong><\/td><td>24<\/td><td>27.10.2025-29.10.2025<\/td><td>32<\/td><\/tr><tr><td>\u00a09.<\/td><td><strong>Traficul de droguri<\/strong><strong><\/strong><\/td><td>40<\/td><td>27.10.2025-31.10.2025<\/td><td>25<\/td><\/tr><tr><td>\u00a010.<\/td><td><strong>Curs de recalificare \u00een domeniul: Activitatea de urm\u0103rire penal\u0103<\/strong><\/td><td>80<\/td><td>27.10.2025-07.11.2025<\/td><td>Num\u0103r neprev\u0103zut de angaja\u021bi<\/td><\/tr><tr><td>\u00a011.<\/td><td><strong>Migra\u021bie \u0219i Azil<\/strong><\/td><td>40<\/td><td>03.11.2025-07.11.2025<\/td><td>20<\/td><\/tr><tr><td>\u00a012.<\/td><td><strong>Activitatea de prevenire \u015fi combatere a traficului de fiin\u021be umane (I)<\/strong><strong><\/strong><\/td><td>40<\/td><td>03.11.2025-07.11.2025<\/td><td>30<\/td><\/tr><tr><td>\u00a013.<\/td><td><strong>Interven\u0163ia profesional\u0103 (Tehnician) (II)<\/strong><strong><\/strong><\/td><td>80<\/td><td>10.11.2025-21.11.2025<\/td><td>30<\/td><\/tr><tr><td>\u00a014.<\/td><td><strong>Activitatea special\u0103 de investiga\u021bii (I)<\/strong><strong><\/strong><\/td><td>40<\/td><td>10.11.2025-14.11.2025<\/td><td>28<\/td><\/tr><tr><td>\u00a015.<\/td><td><strong>Supravegherea \u0219i controlul circula\u021biei pe drumurile publice<\/strong><strong><\/strong><\/td><td>40<\/td><td>17.11.2025-21.11.2025<\/td><td>20<\/td><\/tr><tr><td>\u00a016.<\/td><td><strong>Prevenirea \u0219i combaterea discrimin\u0103rii<\/strong><strong><\/strong><\/td><td>24<\/td><td>24.11.2025-26.11.2025<\/td><td>30<\/td><\/tr><tr><td>\u00a017.<\/td><td><strong>Gestionarea frontierelor<\/strong><strong><\/strong><\/td><td>24<\/td><td>24.11.2025-26.11.2025<\/td><td>20<\/td><\/tr><tr><td>\u00a018.<\/td><td><strong>Ordine public\u0103 (II)<\/strong><strong><\/strong><\/td><td>40<\/td><td>01.12.2025-05.12.2025<\/td><td>30<\/td><\/tr><tr><td>\u00a019.<\/td><td><strong>Activitatea de urm\u0103rire penal\u0103 (II)<\/strong><strong><\/strong><\/td><td>40<\/td><td>08.12.2025-12.12.2025<\/td><td>20<\/td><\/tr><\/tbody><\/table><\/figure>\n\n\n\n<p><strong>Semestrul II Anul 2025-2026<\/strong><\/p>\n\n\n\n<figure class=\"wp-block-table alignleft is-style-regular\"><table><tbody><tr><td class=\"has-text-align-left\" data-align=\"left\"><strong>Nr.<\/strong> <strong>crt.<\/strong><\/td><td><strong>Denumirea cursului<\/strong><\/td><td><strong>Num\u0103r de ore<\/strong><\/td><td><strong>Perioada desf\u0103\u015fur\u0103rii<\/strong><\/td><td><strong>Planificat<\/strong><\/td><td>&nbsp;<\/td><\/tr><tr><td class=\"has-text-align-left\" data-align=\"left\"><strong>\u00a0<\/strong>1.<\/td><td><strong>Traficul ilicit de arme<\/strong><strong><\/strong><\/td><td>24<\/td><td>19.01.2026-21.01.2026<\/td><td>&nbsp;<\/td><td>&nbsp;<\/td><\/tr><tr><td class=\"has-text-align-left\" data-align=\"left\"><strong>\u00a0<\/strong>2.<\/td><td><strong>Prevenirea \u0219i combaterea violen\u021bei \u00een familie (II)<\/strong><strong><\/strong><\/td><td>40<\/td><td>26.01.2026-30.01.2026<\/td><td>20<\/td><td>&nbsp;<\/td><\/tr><tr><td class=\"has-text-align-left\" data-align=\"left\"><strong>\u00a0<\/strong>3.<\/td><td><strong>Activitatea special\u0103 de investiga\u021bii (II)<\/strong><strong><\/strong><\/td><td>40<\/td><td>02.02.2026-06.02.2026<\/td><td>20<\/td><td>&nbsp;<\/td><\/tr><tr><td class=\"has-text-align-left\" data-align=\"left\"><strong>\u00a0<\/strong>4.<\/td><td><strong>Exploatarea sexual\u0103 a copiilor<\/strong><strong><\/strong><\/td><td>24<\/td><td>16.02.2026-18.02.2026<\/td><td>15<\/td><td>&nbsp;<\/td><\/tr><tr><td class=\"has-text-align-left\" data-align=\"left\"><strong>\u00a0<\/strong>5.<\/td><td><strong>Constatarea \u015fi documentarea contraven\u0163iilor (I)<\/strong><strong><\/strong><\/td><td>40<\/td><td>16.02.2026-20.02.2026<\/td><td>30<\/td><td>&nbsp;<\/td><\/tr><tr><td class=\"has-text-align-left\" data-align=\"left\"><strong>\u00a0<\/strong>6.<\/td><td><strong>Cercetarea la fa\u0163a locului<\/strong><strong><\/strong><\/td><td>40<\/td><td>23.02.2026-27.02.2026<\/td><td>20<\/td><td>&nbsp;<\/td><\/tr><tr><td class=\"has-text-align-left\" data-align=\"left\"><strong>\u00a0<\/strong>7.<\/td><td><strong>Constatarea \u015fi documentarea contraven\u0163iilor (II)<\/strong><strong><\/strong><\/td><td>40<\/td><td>09.03.2026-13.03.2026<\/td><td>25<\/td><td>&nbsp;<\/td><\/tr><tr><td class=\"has-text-align-left\" data-align=\"left\"><strong>\u00a0<\/strong>8.<\/td><td><strong>Curs de recalificare \u00een domeniul: Activitatea special\u0103 de investiga\u021bii (II)<\/strong><strong><\/strong><\/td><td>80<\/td><td>16.03.2026-27.03.2026<\/td><td>Num\u0103r neprev\u0103zut de angaja\u021bi<\/td><td>&nbsp;<\/td><\/tr><tr><td class=\"has-text-align-left\" data-align=\"left\"><strong>\u00a0<\/strong>9.<\/td><td><strong>Comunicarea eficient\u0103 \u00een context profesional (II)<\/strong><strong><\/strong><\/td><td>24<\/td><td>23.03.2026-25.03.2026<\/td><td>24<\/td><td>&nbsp;<\/td><\/tr><tr><td class=\"has-text-align-left\" data-align=\"left\"><strong>\u00a0<\/strong>10.<\/td><td><strong>Interven\u0163ia profesional\u0103 (Tehnician) (III)<\/strong><strong><\/strong><\/td><td>80<\/td><td>23.03.2026-03.04.2026<\/td><td>30<\/td><td>&nbsp;<\/td><\/tr><tr><td class=\"has-text-align-left\" data-align=\"left\"><strong>\u00a0<\/strong>11.<\/td><td><strong>Cercetarea accidentelor rutiere<\/strong><strong><\/strong><\/td><td>40<\/td><td>04.05.2026-08.05.2026<\/td><td>15<\/td><td>&nbsp;<\/td><\/tr><tr><td class=\"has-text-align-left\" data-align=\"left\"><strong>\u00a0<\/strong>12.<\/td><td><strong>Securitatea Informa\u021bional\u0103<\/strong><strong><\/strong><\/td><td>24<\/td><td>11.05.2026-13.05.2026<\/td><td>27<\/td><td>&nbsp;<\/td><\/tr><tr><td class=\"has-text-align-left\" data-align=\"left\"><strong>\u00a0<\/strong>13.<\/td><td><strong>Activitatea de prevenire \u015fi combatere a traficului de fiin\u021be umane (II)<\/strong><strong><\/strong><\/td><td>40<\/td><td>18.05.2026-22.05.2026<\/td><td>30<\/td><td>&nbsp;<\/td><\/tr><tr><td class=\"has-text-align-left\" data-align=\"left\"><strong>\u00a0<\/strong>14.<\/td><td><strong>Comunicarea eficient\u0103 \u00een context profesional (III)<\/strong><strong><\/strong><\/td><td>24<\/td><td>25.05.2026-27.05.2026<\/td><td>32<\/td><td><\/td><\/tr><tr><td class=\"has-text-align-left\" data-align=\"left\"><\/td><\/tr><\/tbody><\/table><\/figure>\n","protected":false},"excerpt":{"rendered":"<p>Calendarul activit\u0103\u021bilor de instruire &nbsp;a cursurilor de perfec\u021bionare\/specializare\/recalificare, &nbsp;anul de studii 2025 \u2013 2026 (Ordinul MAI nr. 351 din 19.06.2025) Semestrul I Anul 2025-2026 Nr. crt. Denumirea cursului Num\u0103r de [&hellip;]<\/p>\n","protected":false},"author":8,"featured_media":0,"parent":123,"menu_order":0,"comment_status":"closed","ping_status":"closed","template":"","meta":[],"translation":{"provider":"WPGlobus","version":"2.12.2","language":"gb","enabled_languages":["ro","gb"],"languages":{"ro":{"title":true,"content":true,"excerpt":false},"gb":{"title":false,"content":false,"excerpt":false}}},"acf":[],"_links":{"self":[{"href":"https:\/\/www.academy.police.md\/gb\/wp-json\/wp\/v2\/pages\/7213"}],"collection":[{"href":"https:\/\/www.academy.police.md\/gb\/wp-json\/wp\/v2\/pages"}],"about":[{"href":"https:\/\/www.academy.police.md\/gb\/wp-json\/wp\/v2\/types\/page"}],"author":[{"embeddable":true,"href":"https:\/\/www.academy.police.md\/gb\/wp-json\/wp\/v2\/users\/8"}],"replies":[{"embeddable":true,"href":"https:\/\/www.academy.police.md\/gb\/wp-json\/wp\/v2\/comments?post=7213"}],"version-history":[{"count":5,"href":"https:\/\/www.academy.police.md\/gb\/wp-json\/wp\/v2\/pages\/7213\/revisions"}],"predecessor-version":[{"id":31434,"href":"https:\/\/www.academy.police.md\/gb\/wp-json\/wp\/v2\/pages\/7213\/revisions\/31434"}],"up":[{"embeddable":true,"href":"https:\/\/www.academy.police.md\/gb\/wp-json\/wp\/v2\/pages\/123"}],"wp:attachment":[{"href":"https:\/\/www.academy.police.md\/gb\/wp-json\/wp\/v2\/media?parent=7213"}],"curies":[{"name":"wp","href":"https:\/\/api.w.org\/{rel}","templated":true}]}}