{"id":7278,"date":"2022-07-14T09:17:30","date_gmt":"2022-07-14T06:17:30","guid":{"rendered":"https:\/\/www.academy.police.md\/?page_id=7278"},"modified":"2025-07-09T11:51:51","modified_gmt":"2025-07-09T08:51:51","slug":"informatii-chestionare","status":"publish","type":"page","link":"https:\/\/www.academy.police.md\/gb\/beneficiarii-programelor\/absolventi\/informatii-chestionare","title":{"rendered":"Informa\u0163ii\/ chestionare"},"content":{"rendered":"\n<p><a href=\"\/wp-content\/uploads\/2025\/07\/Anunt-absolventi-2025.pdf\" data-type=\"URL\">Anun\u0163 \u00een aten\u021bia absolven\u021bilor programelor de studii realizate \u00een cadrul Academiei \u201e\u0218tefan cel Mare\u201d a MAI!<\/a><\/p>\n\n\n\n<p>\u00cen aten\u021bia absolven\u0163ilor Facult\u0103\u021bii drept, administra\u0163ie, ordine \u0219i securitate public\u0103, ciclului I licen\u0163\u0103, programul de studii 0421.1 Drept, forma de \u00eenv\u0103\u021b\u0103m\u00e2nt cu frecven\u021b\u0103 redus\u0103, promo\u0163ia 2019-2024 !!!<br><a href=\"\/wp-content\/uploads\/2025\/02\/anunt-acte-de-studii-masterat-februarie-2025.semnat.semnat-1.pdf\">\u00cen aten\u021bia absolven\u0163ilor Facult\u0103\u021bii drept, administra\u0163ie, ordine \u0219i securitate public\u0103, ciclului II masterat (1,5 ani\/90 ECTS), promo\u0163ia 2023-2025 !!!<\/a><\/p>\n","protected":false},"excerpt":{"rendered":"<p>Anun\u0163 \u00een aten\u021bia absolven\u021bilor programelor de studii realizate \u00een cadrul Academiei \u201e\u0218tefan cel Mare\u201d a MAI! \u00cen aten\u021bia absolven\u0163ilor Facult\u0103\u021bii drept, administra\u0163ie, ordine \u0219i securitate public\u0103, ciclului I licen\u0163\u0103, programul [&hellip;]<\/p>\n","protected":false},"author":8,"featured_media":0,"parent":7281,"menu_order":0,"comment_status":"closed","ping_status":"closed","template":"","meta":[],"translation":{"provider":"WPGlobus","version":"2.12.2","language":"gb","enabled_languages":["ro","gb"],"languages":{"ro":{"title":true,"content":true,"excerpt":false},"gb":{"title":false,"content":false,"excerpt":false}}},"acf":[],"_links":{"self":[{"href":"https:\/\/www.academy.police.md\/gb\/wp-json\/wp\/v2\/pages\/7278"}],"collection":[{"href":"https:\/\/www.academy.police.md\/gb\/wp-json\/wp\/v2\/pages"}],"about":[{"href":"https:\/\/www.academy.police.md\/gb\/wp-json\/wp\/v2\/types\/page"}],"author":[{"embeddable":true,"href":"https:\/\/www.academy.police.md\/gb\/wp-json\/wp\/v2\/users\/8"}],"replies":[{"embeddable":true,"href":"https:\/\/www.academy.police.md\/gb\/wp-json\/wp\/v2\/comments?post=7278"}],"version-history":[{"count":13,"href":"https:\/\/www.academy.police.md\/gb\/wp-json\/wp\/v2\/pages\/7278\/revisions"}],"predecessor-version":[{"id":26322,"href":"https:\/\/www.academy.police.md\/gb\/wp-json\/wp\/v2\/pages\/7278\/revisions\/26322"}],"up":[{"embeddable":true,"href":"https:\/\/www.academy.police.md\/gb\/wp-json\/wp\/v2\/pages\/7281"}],"wp:attachment":[{"href":"https:\/\/www.academy.police.md\/gb\/wp-json\/wp\/v2\/media?parent=7278"}],"curies":[{"name":"wp","href":"https:\/\/api.w.org\/{rel}","templated":true}]}}