{"id":7392,"date":"2022-07-27T12:14:24","date_gmt":"2022-07-27T09:14:24","guid":{"rendered":"https:\/\/www.academy.police.md\/?page_id=7392"},"modified":"2024-04-26T10:01:02","modified_gmt":"2024-04-26T07:01:02","slug":"functii-cu-statut-special","status":"publish","type":"page","link":"https:\/\/www.academy.police.md\/gb\/functii-cu-statut-special","title":{"rendered":"Func\u021bii cu statut special"},"content":{"rendered":"\n<ul><li><a href=\"https:\/\/academy.police.md\/locuri-vacante\" data-type=\"URL\" data-id=\"https:\/\/academy.police.md\/locuri-vacante\">Anun\u021buri cu privire la desf\u0103\u0219urarea concursurilor \/ prelungirea perioadelor de depunere a dosarelor de concurs<\/a><\/li><li><a href=\"https:\/\/academy.police.md\/informatii-privind-candidatii-admisi\" data-type=\"URL\" data-id=\"https:\/\/academy.police.md\/informatii-privind-candidatii-admisi\">Informa\u021bii privind candida\u021bii admi\u0219i<\/a><\/li><li><a href=\"https:\/\/academy.police.md\/anunturi-cu-privire-la-desfasurarea-concursurilor\" data-type=\"URL\" data-id=\"https:\/\/academy.police.md\/anunturi-cu-privire-la-desfasurarea-concursurilor\">Informa\u0163ii privind c\u00e2\u015ftig\u0103torii concursului<\/a><\/li><\/ul>\n\n\n\n<p><\/p>\n","protected":false},"excerpt":{"rendered":"<p>Anun\u021buri cu privire la desf\u0103\u0219urarea concursurilor \/ prelungirea perioadelor de depunere a dosarelor de concurs Informa\u021bii privind candida\u021bii admi\u0219i Informa\u0163ii privind c\u00e2\u015ftig\u0103torii concursului<\/p>\n","protected":false},"author":10,"featured_media":0,"parent":0,"menu_order":0,"comment_status":"closed","ping_status":"closed","template":"","meta":[],"translation":{"provider":"WPGlobus","version":"2.12.2","language":"gb","enabled_languages":["ro","gb"],"languages":{"ro":{"title":true,"content":true,"excerpt":false},"gb":{"title":false,"content":false,"excerpt":false}}},"acf":[],"_links":{"self":[{"href":"https:\/\/www.academy.police.md\/gb\/wp-json\/wp\/v2\/pages\/7392"}],"collection":[{"href":"https:\/\/www.academy.police.md\/gb\/wp-json\/wp\/v2\/pages"}],"about":[{"href":"https:\/\/www.academy.police.md\/gb\/wp-json\/wp\/v2\/types\/page"}],"author":[{"embeddable":true,"href":"https:\/\/www.academy.police.md\/gb\/wp-json\/wp\/v2\/users\/10"}],"replies":[{"embeddable":true,"href":"https:\/\/www.academy.police.md\/gb\/wp-json\/wp\/v2\/comments?post=7392"}],"version-history":[{"count":9,"href":"https:\/\/www.academy.police.md\/gb\/wp-json\/wp\/v2\/pages\/7392\/revisions"}],"predecessor-version":[{"id":18658,"href":"https:\/\/www.academy.police.md\/gb\/wp-json\/wp\/v2\/pages\/7392\/revisions\/18658"}],"wp:attachment":[{"href":"https:\/\/www.academy.police.md\/gb\/wp-json\/wp\/v2\/media?parent=7392"}],"curies":[{"name":"wp","href":"https:\/\/api.w.org\/{rel}","templated":true}]}}