{"id":8373,"date":"2022-10-07T15:37:08","date_gmt":"2022-10-07T12:37:08","guid":{"rendered":"https:\/\/academy.police.md\/?page_id=8373"},"modified":"2025-09-16T10:21:16","modified_gmt":"2025-09-16T07:21:16","slug":"prezentarea-generala-a-catedrei-drept-privat","status":"publish","type":"page","link":"https:\/\/www.academy.police.md\/gb\/catedre\/catedra-drept-privat\/prezentarea-generala-a-catedrei-drept-privat","title":{"rendered":"Prezentarea general\u0103 a Catedrei \u201eDrept privat\u201d"},"content":{"rendered":"\n<p>Activitatea didactic\u0103 este asigurat\u0103 de personalul catedrei prin predarea lec\u0163iilor, seminarelor, lec\u0163iilor practice, dar \u015fi a altor forme de instruire \u00een cadrul tuturor subdiviziunilor de instruire a Academiei, precum \u015fi la toate ciclurile de instruire.<\/p>\n\n\n\n<p>Pe parcursul activit\u0103\u0163ii, dar mai precis \u00eencep\u00e2nd cu anul 2000 \u015fi p\u00e2n\u0103 \u00een prezent, la studiile de licen\u0163\u0103 \u015fi masterat catedra a asigurat instruirea \u00een cadrul specializ\u0103rii \u201eDrept economic\u201d (ciclul II) \u0219i Asisten\u021b\u0103 juridic\u0103 \u00een institu\u021bii publice \u0219i private (ciclul I).<\/p>\n\n\n\n<p>\u00cen cadrul instruirii la ciclul I de formare, din lista disciplinelor predate la catedra Drept privat fac parte: Drept civil, Drept procesual civil, Drept execu\u021bional civil, Dreptul muncii \u015fi protec\u0163iei sociale, Dreptul familiei \u0219i acte de stare civil\u0103, Dreptul comercial, Dreptul mediului \u0219i funciar, Tehnica \u00eencheierii contractelor, Dreptul vamal\/ Dreptul valorilor mobiliare, Dreptul transporturilor \u0219i asigur\u0103rilor, Dreptul medical, Dreptul concuren\u021bei, Drept comercial, Drept bancar \u015fi Modulul de orientare spre specializare: Asisten\u021b\u0103 juridic\u0103 \u00een institu\u021biile publice \u0219i private.<\/p>\n\n\n\n<p>La ciclul II, masterat, cadrele didactice ale catedrei asigur\u0103 predarea unor discipline precum: Drept civil (minimul curricular), Metodologia \u0219i etica cercet\u0103rii \u00een domeniul dreptului economic, Reglement\u0103ri juridice privind dob\u00e2ndirea \u0219i \u00eencetarea dreptului de proprietate, Reglementarea juridic\u0103 a activit\u0103\u0163ii \u00eentreprinderilor, Probleme actuale privind succesiunile, Drept informa\u0163ional, Reglementarea juridic\u0103 a achizi\u0163iilor, Probleme actuale ale legisla\u0163iei de mediu \u015fi funciare, Administrarea proiectelor,&nbsp; Probleme actuale ale reglement\u0103rii juridice a raporturilor contractuale\/raporturi comerciale, Probleme actuale privind solu\u021bionarea litigiilor de munc\u0103, Procedura repar\u0103rii daunelor cauzate prin comiterea infrac\u0163iunilor, Protec\u0163ia dreptului consumatorului, Reprezentarea intereselor statului \u0219i a autorit\u0103\u021bilor publice \u00een litigii economice, Reglementarea juridic\u0103 a achizi\u0163iilor, Accesul la informa\u021bie \u0219i protec\u021bia datelor cu caracter personal, Probleme actuale ale dreptului procesual civil, Teoria r\u0103spunderii patrimoniale, Dreptul medical, Reglementarea juridic\u0103 a activit\u0103\u021bii&nbsp; \u00eentreprinderilor, Reglementarea \u00eenregistrarea bunurilor imobile, Reglementarea raporturilor de concuren\u0163\u0103.<\/p>\n\n\n\n<p>Activitatea \u015ftiin\u0163ific\u0103 realizat\u0103 de catedr\u0103 se remarc\u0103 prin participarea profesorilor catedrei la forumuri \u015ftiin\u0163ifice na\u0163ionale \u015fi interna\u0163ionale, diriguirea activit\u0103\u0163ii \u015ftiin\u0163ifice a studen\u0163ilor \u00een cadrul cercului \u015ftiin\u0163ific studen\u0163esc, coordonarea \u00een lucrul de cercetare a studen\u0163ilor, masteranzilor \u015fi doctoranzilor \u00een proceselor de elaborare a tezelor, precum \u015fi elaborarea \u015fi publicarea articolelor \u015ftiin\u0163ifice, manualelor, monografiilor at\u00e2t \u00een \u0163ar\u0103, c\u00e2t \u015fi \u00een str\u0103in\u0103tate.<\/p>\n\n\n\n<p>Astfel, din arsenalul \u015ftiin\u0163ific al catedrei fac parte manualele \u015fi monografiile elaborate de c\u0103tre profesorii catedrei \u00een perioada existen\u0163ei acestei subdiviziuni, \u015fi anume: Drept bancar (1998), Dreptul mediului. Partea general\u0103 (1998), Drept bancar (1999); Dreptul mediului. Partea special\u0103 (2000), Dreptul privat roman (2000), Dreptul bancar vol. I (2002), Dreptul financiar (2002), Dreptul contractelor. Partea general\u0103 (2002), Dreptul mediului (2002), Drept civil. Introducere \u00een dreptul civil (2003), Reglement\u0103ri valutare pe teritoriul Republicii Moldova (2003), Elemente de drept bancar comunitar (2004), Drept bancar comunitar (2004), Drept civil. Persoanele (2004), Drept civil. Contractele civile (2004), Drept civil. Introducere \u00een dreptul civil. Persoanele (2004), Dreptul bancar vol. II (2004), Forex (2004), Dreptul Afacerilor (repertoriu legislativ) (2004), Comentariu la Legea serviciilor publice de gospod\u0103rie comunal\u0103 (2004), Contractul de concesiune (2012), Dreptul civil. Contractele civile (2012), Drept procesual civil. Partea general\u0103 (2012), Dreptul comercial (2014), Dreptul mediului (2015), Dreptul civil. Drepturile reale principale (2016), Drept comercial (2017), Dreptul mediului. Culegere de teste-gril\u0103 (2017), Repararea prejudiciului ecologic (2018), Drept civil. Drepturile reale principale. Teoria general\u0103 a obliga\u021biilor (2018), Dreptul mediului. Culegere de spe\u021be \u0219i teste-gril\u0103 (2018),&nbsp; Dreptul comercial (2019), Contractul de dona\u0163ie (2019), Dreptul civil. Introducere \u00een dreptul civil (2020), Drept civil. Drepturile reale. Teoria general\u0103 a obliga\u021biilor (2020), Drept civil. Persoana fizic\u0103. Persoana juridic\u0103 (2021), Monografie. R\u0103spunderea penal\u0103 \u0219i civil\u0103 pentru poluarea apei (2022), R\u0103spunderea patrimonial\u0103 a angajatorului pentru prejudiciul cauzat salariatului (2023), Ghid \u00een exercitarea dreptului la repararea prejudiciului cauzat prin infrac\u021biuni de sustragere (2023), Dreptul familiei \u0219i acte de stare civil\u0103. Caiet de seminar (2023), Drept civil. Drepturile reale. Teoria general\u0103 a obliga\u021biilor. (Caiet de seminar) (2024), Proprietatea intelectual\u0103. Note de curs (2024), Contract de loca\u021biune (Ghid complet pentru proprietari \u0219i chiria\u0219i) (2025), Dreptul muncii (Ghid) (2025).<\/p>\n\n\n\n<p>Din \u015firul de autori care au realizat munca de elaborare \u015fi editare a acestor lucr\u0103ri putem men\u0163iona pe dr., conf. univ. V. Zavatin, dr. hab, prof. univ. V. Cu\u015fnir, dr., conf. univ. I. Trofimov, dr., prof. univ. A. Gu\u015ftiuc, dr., conf. univ. L. Belecciu, dr., conf. univ. Gr. Ardelean, dr., conf. Univ. A. Cre\u0163u, dr., conf. univ. M. Prodan, drd. A. Savva, drd. E. Gugulan, drd. M. Ivanov, S. S\u00eerbu, dr. M. Gladchi, drd. O. E\u0219anu.<\/p>\n\n\n\n<p>Este de men\u0163ionat c\u0103 \u00een perioada anilor 2002-2005 cu for\u0163ele proprii ale catedrei, f\u0103r\u0103 sus\u0163inere financiar\u0103 din afar\u0103, s-a asigurat elaborarea \u015fi publicarea revistei \u015ftiin\u0163ifice acreditate la nivel na\u0163ional \u201eAnalele \u015ftiin\u0163ifice ale Academiei Ministerului Afacerilor Interne al Republicii Moldova, Seria drept privat\u201d. Revista \u00een cauz\u0103 era publicat\u0103 de dou\u0103 ori pe an \u015fi pe parcurs, \u00een con\u0163inutul acesteia \u015fi-au editat lucr\u0103rile lor \u015ftiin\u0163ifice cercet\u0103torii din diferite institu\u0163ii de \u00eenv\u0103\u0163\u0103m\u00e2nt superior din Republica Moldova, dar \u015fi din Rom\u00e2nia, Ucraina \u015fi din alte \u0163\u0103ri.<\/p>\n\n\n\n<p>Pe parcursul activit\u0103\u0163ii sale catedra a asigurat \u015fi implementarea altor obiective importante pentru activitatea organelor de interne, dec\u00e2t cele legate de realizarea procesului de studii \u00een cadrul Academiei. Astfel, \u00een perioada anilor 2002-2024, colaboratorii catedrei au organizat \u015fi efectuat zeci de seminare tematice pe problemele de drept privat \u00een cadrul subdiviziunilor teritoriale \u015fi specializate ale poli\u0163iei. De asemenea, membrii catedrei ofer\u0103 sistematic consulta\u0163ii de ordin juridic \u00een procesul de elaborare \u015fi avizare a legisla\u0163iei, la nivel de minister, dar \u015fi \u00een afara acestuia.<\/p>\n\n\n\n<p>Cadrele didactice ale catedrei combin\u0103 destul de bine activitatea \u015ftiin\u0163ifico-didactic\u0103 cu activitatea practic\u0103.<\/p>\n\n\n\n<p>Astfel, dr., conf. univ. Vasile Zavatin \u00een perioada anilor 1997-2001 a realizat activitatea de jurist \u00een cadrul MAI \u015fi al subdiviziunilor specializate ale acestuia.<\/p>\n\n\n\n<p>\u00cen perioada anilor 2009-2012, dr., prof. univ. Igor Trofimov a exercitat func\u0163ia de \u015fef al Direc\u0163iei juridice a MAI \u015fi \u015fef al Cabinetului ministrului Afacerilor Interne, 2023 &#8211; Secretar de Stat al Ministerului Afacerilor Interne.<\/p>\n\n\n\n<p>Lectorul catedrei Viorel Cern\u0103u\u0163eanu a exercitat diverse func\u0163ii de conducere \u00een cadrul MAI, inclusiv func\u0163iile de \u015fef al Direc\u0163iei juridice (2012-2013) \u015fi consilier al viceprim-ministrului Republicii Moldova, actualmente (2025) exercit\u0103 func\u021bia de \u0219ef al IGP.<\/p>\n\n\n\n<p>Lectorii Victor Cebotari \u0219i Sergiu S\u00eerbu, actualmente (2025) exercit\u0103 func\u0163ia de consultant principal \u00een cadrul Comisiei parlamentare agricultur\u0103 \u015fi industrie alimentar\u0103.<\/p>\n\n\n\n<p>\u00cen perioada anilor 2009-2010, dr., conf. univ. Andrei Gu\u015ftiuc a realizat cursuri \u00een cadrul University of California Los Angeles.<\/p>\n\n\n\n<p>Angaja\u0163ii catedrei &#8211; Igor Trofimov, Andrei Gu\u015ftiuc, Alexandru Savva, Mari\u021b Marcela, E\u0219anu Oxana \u0219i Rusu Dorel sunt posesorii licen\u0163ei de avocat \u015fi exercit\u0103 activitatea de avocat.<\/p>\n\n\n\n<p>Lectorul catedrei dr., conf. univ, Andrian Cre\u0163u a exercitat \u015fi activitatea de \u015fef-adjunct al Biroului de Migra\u0163ie \u015fi Azil al MAI (2008-2021).<\/p>\n","protected":false},"excerpt":{"rendered":"<p>Activitatea didactic\u0103 este asigurat\u0103 de personalul catedrei prin predarea lec\u0163iilor, seminarelor, lec\u0163iilor practice, dar \u015fi a altor forme de instruire \u00een cadrul tuturor subdiviziunilor de instruire a Academiei, precum \u015fi [&hellip;]<\/p>\n","protected":false},"author":10,"featured_media":0,"parent":1383,"menu_order":0,"comment_status":"closed","ping_status":"closed","template":"","meta":[],"translation":{"provider":"WPGlobus","version":"2.12.2","language":"gb","enabled_languages":["ro","gb"],"languages":{"ro":{"title":true,"content":true,"excerpt":false},"gb":{"title":false,"content":false,"excerpt":false}}},"acf":[],"_links":{"self":[{"href":"https:\/\/www.academy.police.md\/gb\/wp-json\/wp\/v2\/pages\/8373"}],"collection":[{"href":"https:\/\/www.academy.police.md\/gb\/wp-json\/wp\/v2\/pages"}],"about":[{"href":"https:\/\/www.academy.police.md\/gb\/wp-json\/wp\/v2\/types\/page"}],"author":[{"embeddable":true,"href":"https:\/\/www.academy.police.md\/gb\/wp-json\/wp\/v2\/users\/10"}],"replies":[{"embeddable":true,"href":"https:\/\/www.academy.police.md\/gb\/wp-json\/wp\/v2\/comments?post=8373"}],"version-history":[{"count":3,"href":"https:\/\/www.academy.police.md\/gb\/wp-json\/wp\/v2\/pages\/8373\/revisions"}],"predecessor-version":[{"id":27341,"href":"https:\/\/www.academy.police.md\/gb\/wp-json\/wp\/v2\/pages\/8373\/revisions\/27341"}],"up":[{"embeddable":true,"href":"https:\/\/www.academy.police.md\/gb\/wp-json\/wp\/v2\/pages\/1383"}],"wp:attachment":[{"href":"https:\/\/www.academy.police.md\/gb\/wp-json\/wp\/v2\/media?parent=8373"}],"curies":[{"name":"wp","href":"https:\/\/api.w.org\/{rel}","templated":true}]}}